{"id":15,"date":"2025-09-08T19:47:12","date_gmt":"2025-09-08T19:47:12","guid":{"rendered":"http:\/\/hoversh.cluster021.hosting.ovh.net\/?page_id=15"},"modified":"2025-09-10T17:15:28","modified_gmt":"2025-09-10T17:15:28","slug":"contact","status":"publish","type":"page","link":"https:\/\/www.hoversight.be\/index.php\/contact\/","title":{"rendered":"Contact"},"content":{"rendered":"<div class=\"wpb-content-wrapper\"><p>[vc_row][vc_column][vc_column_text css=&#8221;&#8221; font_size=&#8221;custom&#8221; font_weight=&#8221;100&#8243; responsive_line_height=&#8221;.wpb_text_column_417781793 .wpb_wrapper{desktop:px;tablet:px;tablet_portrait:px;mobile_landscape:px;mobile:px;property:line-height}&#8221; custom_font_size=&#8221;.wpb_text_column_117307057 .wpb_wrapper{desktop:20px;tablet:px;tablet_portrait:px;mobile_landscape:px;mobile:px;property:font-size}&#8221;]<\/p>\n<p style=\"text-align: center;\">Vos projets m\u00e9ritent de prendre leur envol. \u00c9changeons ensemble et r\u00e9alisons-les de mani\u00e8re exceptionnelle.<\/p>\n<p>[\/vc_column_text][\/vc_column][\/vc_row][vc_row][vc_column width=&#8221;1\/2&#8243;][vc_column_text css=&#8221;&#8221; font_size=&#8221;custom&#8221; font_weight=&#8221;100&#8243; custom_font_size=&#8221;.wpb_text_column_2119567425 .wpb_wrapper{desktop:20px;tablet:px;tablet_portrait:px;mobile_landscape:px;mobile:px;property:font-size}&#8221; responsive_line_height=&#8221;.wpb_text_column_1680606386 .wpb_wrapper{desktop:px;tablet:px;tablet_portrait:px;mobile_landscape:px;mobile:px;property:line-height}&#8221;]<strong>Discutons de votre projet<\/strong><\/p>\n<p>Que ce soit pour mettre en valeur un bien immobilier, capturer un moment unique ou produire un contenu marketing impactant, je vous accompagnons \u00e0 chaque \u00e9tape.[\/vc_column_text][vc_column_text css=&#8221;&#8221; font_size=&#8221;custom&#8221; font_weight=&#8221;100&#8243; responsive_line_height=&#8221;.wpb_text_column_1156564856 .wpb_wrapper{desktop:px;tablet:px;tablet_portrait:px;mobile_landscape:px;mobile:px;property:line-height}&#8221; custom_font_size=&#8221;.wpb_text_column_96328448 .wpb_wrapper{desktop:20px;tablet:px;tablet_portrait:px;mobile_landscape:px;mobile:px;property:font-size}&#8221;]<strong>T\u00e9l\u00e9phone<\/strong><\/p>\n<p><a href=\"tel:0032479782348\">+32 (0) 479\/78.23.48<\/a><\/p>\n<p><strong>E-mail<\/strong><\/p>\n<p><a href=\"mailto:jonathan.foda@gmail.com\">jonathan.foda@gmail.com<\/a>[\/vc_column_text][\/vc_column][vc_column width=&#8221;1\/2&#8243;]\n<div class=\"wpcf7 no-js\" id=\"wpcf7-f9-o1\" lang=\"en-US\" dir=\"ltr\" data-wpcf7-id=\"9\">\n<div class=\"screen-reader-response\"><p role=\"status\" aria-live=\"polite\" aria-atomic=\"true\"><\/p> <ul><\/ul><\/div>\n<form action=\"\/index.php\/wp-json\/wp\/v2\/pages\/15#wpcf7-f9-o1\" method=\"post\" class=\"wpcf7-form init\" aria-label=\"Contact form\" novalidate=\"novalidate\" data-status=\"init\">\n<fieldset class=\"hidden-fields-container\"><input type=\"hidden\" name=\"_wpcf7\" value=\"9\" \/><input type=\"hidden\" name=\"_wpcf7_version\" value=\"6.1.5\" \/><input type=\"hidden\" name=\"_wpcf7_locale\" value=\"en_US\" \/><input type=\"hidden\" name=\"_wpcf7_unit_tag\" value=\"wpcf7-f9-o1\" \/><input type=\"hidden\" name=\"_wpcf7_container_post\" value=\"0\" \/><input type=\"hidden\" name=\"_wpcf7_posted_data_hash\" value=\"\" \/>\n<\/fieldset>\n<p><label> Nom<br \/>\n<span class=\"wpcf7-form-control-wrap\" data-name=\"votre-nom\"><input size=\"40\" maxlength=\"400\" class=\"wpcf7-form-control wpcf7-text wpcf7-validates-as-required\" autocomplete=\"name\" aria-required=\"true\" aria-invalid=\"false\" value=\"\" type=\"text\" name=\"votre-nom\" \/><\/span> <\/label>\n<\/p>\n<p><label> Votre e-mail<br \/>\n<span class=\"wpcf7-form-control-wrap\" data-name=\"votre-email\"><input size=\"40\" maxlength=\"400\" class=\"wpcf7-form-control wpcf7-email wpcf7-validates-as-required wpcf7-text wpcf7-validates-as-email\" autocomplete=\"email\" aria-required=\"true\" aria-invalid=\"false\" value=\"\" type=\"email\" name=\"votre-email\" \/><\/span> <\/label>\n<\/p>\n<p><label> Sujet<br \/>\n<span class=\"wpcf7-form-control-wrap\" data-name=\"votre-sujet\"><input size=\"40\" maxlength=\"400\" class=\"wpcf7-form-control wpcf7-text wpcf7-validates-as-required\" aria-required=\"true\" aria-invalid=\"false\" value=\"\" type=\"text\" name=\"votre-sujet\" \/><\/span> <\/label>\n<\/p>\n<p><label> Message<br \/>\n<span class=\"wpcf7-form-control-wrap\" data-name=\"your-message\"><textarea cols=\"40\" rows=\"10\" maxlength=\"2000\" class=\"wpcf7-form-control wpcf7-textarea wpcf7-validates-as-required\" aria-required=\"true\" aria-invalid=\"false\" name=\"your-message\"><\/textarea><\/span> <\/label>\n<\/p>\n<p><input class=\"wpcf7-form-control wpcf7-submit has-spinner\" type=\"submit\" value=\"Envoyer\" \/>\n<\/p><div class=\"wpcf7-response-output\" aria-hidden=\"true\"><\/div>\n<\/form>\n<\/div>\n[\/vc_column][\/vc_row]<\/p>\n<\/div>","protected":false},"excerpt":{"rendered":"<p>[vc_row][vc_column][vc_column_text css=&#8221;&#8221; font_size=&#8221;custom&#8221; font_weight=&#8221;100&#8243; responsive_line_height=&#8221;.wpb_text_column_417781793 .wpb_wrapper{desktop:px;tablet:px;tablet_portrait:px;mobile_landscape:px;mobile:px;property:line-height}&#8221; custom_font_size=&#8221;.wpb_text_column_117307057 .wpb_wrapper{desktop:20px;tablet:px;tablet_portrait:px;mobile_landscape:px;mobile:px;property:font-size}&#8221;] Vos projets m\u00e9ritent de prendre leur envol. \u00c9changeons ensemble et r\u00e9alisons-les de mani\u00e8re exceptionnelle. [\/vc_column_text][\/vc_column][\/vc_row][vc_row][vc_column width=&#8221;1\/2&#8243;][vc_column_text css=&#8221;&#8221; font_size=&#8221;custom&#8221; font_weight=&#8221;100&#8243; custom_font_size=&#8221;.wpb_text_column_2119567425 .wpb_wrapper{desktop:20px;tablet:px;tablet_portrait:px;mobile_landscape:px;mobile:px;property:font-size}&#8221; responsive_line_height=&#8221;.wpb_text_column_1680606386 .wpb_wrapper{desktop:px;tablet:px;tablet_portrait:px;mobile_landscape:px;mobile:px;property:line-height}&#8221;]Discutons de votre projet Que ce soit pour mettre en valeur un bien immobilier, capturer un moment unique ou produire un contenu marketing impactant, je [&hellip;]<\/p>\n","protected":false},"author":1,"featured_media":0,"parent":0,"menu_order":0,"comment_status":"closed","ping_status":"closed","template":"","meta":{"footnotes":""},"class_list":["post-15","page","type-page","status-publish","hentry"],"_links":{"self":[{"href":"https:\/\/www.hoversight.be\/index.php\/wp-json\/wp\/v2\/pages\/15","targetHints":{"allow":["GET"]}}],"collection":[{"href":"https:\/\/www.hoversight.be\/index.php\/wp-json\/wp\/v2\/pages"}],"about":[{"href":"https:\/\/www.hoversight.be\/index.php\/wp-json\/wp\/v2\/types\/page"}],"author":[{"embeddable":true,"href":"https:\/\/www.hoversight.be\/index.php\/wp-json\/wp\/v2\/users\/1"}],"replies":[{"embeddable":true,"href":"https:\/\/www.hoversight.be\/index.php\/wp-json\/wp\/v2\/comments?post=15"}],"version-history":[{"count":20,"href":"https:\/\/www.hoversight.be\/index.php\/wp-json\/wp\/v2\/pages\/15\/revisions"}],"predecessor-version":[{"id":69,"href":"https:\/\/www.hoversight.be\/index.php\/wp-json\/wp\/v2\/pages\/15\/revisions\/69"}],"wp:attachment":[{"href":"https:\/\/www.hoversight.be\/index.php\/wp-json\/wp\/v2\/media?parent=15"}],"curies":[{"name":"wp","href":"https:\/\/api.w.org\/{rel}","templated":true}]}}